{"id":441,"date":"2017-12-07T13:19:49","date_gmt":"2017-12-07T13:19:49","guid":{"rendered":"http:\/\/sonomedpaper.com\/?post_type=product&#038;p=441"},"modified":"2018-10-25T06:35:50","modified_gmt":"2018-10-25T06:35:50","slug":"gel-de-ultrasonido-sonomed","status":"publish","type":"product","link":"https:\/\/sonomedpaper.com\/?product=gel-de-ultrasonido-sonomed&lang=es","title":{"rendered":"Gel de Ultrasonido Sonomed"},"content":{"rendered":"<p class=\"p1\"><strong><span class=\"s1\">Ventajas<\/span><\/strong><\/p>\n<ul>\n<li>Hecho usando agua filtrada<\/li>\n<li>Ideal para su uso con todos los aparatos de ultrasonido<\/li>\n<li>Bacteriost\u00e1tico (reduce el riesgo de contaminaci\u00f3n bacteriana)<\/li>\n<li>Soluble en agua<\/li>\n<li>Hipoalerg\u00e9nico (no irrita la piel)<\/li>\n<li>Excelente lubricaci\u00f3n y propiedades fluidas<\/li>\n<li>Sin grasa, sin olor y sin manchas<\/li>\n<li>Libre de sales y alcohol<\/li>\n<li>Se distribuye uniformemente sin derramarse y no se seca<\/li>\n<li>Formula altamente ac\u00fasticamente conductiva<\/li>\n<li>Las im\u00e1genes escaneadas son claras y n\u00edtidas ya que su f\u00f3rmula \u00fanica maximiza la conductividad con la menor interferencia<\/li>\n<li>Diagn\u00f3sticos precisos basados en escaneos claros y v\u00edvidos<\/li>\n<li>Su formulaci\u00f3n de doble viscosidad hace que Sky Gel sea tanto un lubricante como un gel de escaneo<\/li>\n<li>Empaquetado conveniente y reciclable<\/li>\n<li>El paquete dispensador viene con un asa para un manejo f\u00e1cil y con una conveniente tapa de rosca<\/li>\n<\/ul>\n<p style=\"text-align: center;\"><iframe loading=\"lazy\" src=\"https:\/\/www.youtube.com\/embed\/AUucr1RpK-M?rel=0\" width=\"1280\" height=\"720\" frameborder=\"0\" allowfullscreen=\"allowfullscreen\"><\/iframe><\/p>\n<p><span class=\"s1\">El paquete de tetera de Sky Gel es una opci\u00f3n de rellenado conveniente y econ\u00f3mica para ordenes subsecuentes. Descubre lo f\u00e1cil que es rellenar el gel en una botella dispensadora desde este innovador paquete viendo el siguiente video:<\/span><\/p>\n<p>&nbsp;<\/p>\n<p><strong><span class=\"s1\">Unidad de Empaquetado<\/span><\/strong><\/p>\n<ul>\n<li>260G \/ botella (9.17 oz.), 24 botellas \/ cart\u00f3n<\/li>\n<li>5KG \/ tetera (165.5 oz.), 2 teteras \/ cart\u00f3n<\/li>\n<li>OEM y customizaci\u00f3n son bienvenidos<\/li>\n<\/ul>\n","protected":false},"excerpt":{"rendered":"<p class=\"p1\"><span class=\"s1\">El Gel de Ultrasonido de Sky Gel es una formula a base de agua que puede usarse como lubricante o como gel de escaneo para ultrasonido. Es altamente conductivo para escaneos claros y precisos. Sus cualidades bacteriost\u00e1ticas reducen el riesgo de una infecci\u00f3n bacteriana para una mayor tranquilidad.<\/span><\/p>\n<p class=\"p1\"><span class=\"s1\">La f\u00f3rmula hipoalerg\u00e9nica, inodora y sin grasa no deja manchas y no irrita la piel, lo que se traduce en una c\u00f3moda experiencia para los pacientes.<\/span><\/p>\n","protected":false},"featured_media":592,"comment_status":"closed","ping_status":"closed","template":"","meta":{"_monsterinsights_skip_tracking":false,"_monsterinsights_sitenote_active":false,"_monsterinsights_sitenote_note":"","_monsterinsights_sitenote_category":0},"yoast_head":"<!-- This site is optimized with the Yoast SEO plugin v14.2 - https:\/\/yoast.com\/wordpress\/plugins\/seo\/ -->\n<title>Gel de Ultrasonido Sonomed - Sonomed Paper<\/title>\n<meta name=\"robots\" content=\"index, follow\" \/>\n<meta name=\"googlebot\" content=\"index, follow, max-snippet:-1, max-image-preview:large, max-video-preview:-1\" \/>\n<meta name=\"bingbot\" content=\"index, follow, max-snippet:-1, max-image-preview:large, max-video-preview:-1\" \/>\n<link rel=\"canonical\" href=\"https:\/\/sonomedpaper.com\/?product=gel-de-ultrasonido-sonomed&#038;lang=es\" \/>\n<meta property=\"og:locale\" content=\"en_GB\" \/>\n<meta property=\"og:type\" content=\"article\" \/>\n<meta property=\"og:title\" content=\"Gel de Ultrasonido Sonomed - Sonomed Paper\" \/>\n<meta property=\"og:description\" content=\"El Gel de Ultrasonido de Sky Gel es una formula a base de agua que puede usarse como lubricante o como gel de escaneo para ultrasonido. Es altamente conductivo para escaneos claros y precisos. Sus cualidades bacteriost\u00e1ticas reducen el riesgo de una infecci\u00f3n bacteriana para una mayor tranquilidad. La f\u00f3rmula hipoalerg\u00e9nica, inodora y sin grasa no deja manchas y no irrita la piel, lo que se traduce en una c\u00f3moda experiencia para los pacientes.\" \/>\n<meta property=\"og:url\" content=\"https:\/\/sonomedpaper.com\/?product=gel-de-ultrasonido-sonomed&amp;lang=es\" \/>\n<meta property=\"og:site_name\" content=\"Sonomed Paper\" \/>\n<meta property=\"article:modified_time\" content=\"2018-10-25T06:35:50+00:00\" \/>\n<meta property=\"og:image\" content=\"https:\/\/sonomedpaper.com\/wp-content\/uploads\/2017\/12\/ultra-4.jpg\" \/>\n\t<meta property=\"og:image:width\" content=\"768\" \/>\n\t<meta property=\"og:image:height\" content=\"768\" \/>\n<meta name=\"twitter:card\" content=\"summary_large_image\" \/>\n<script type=\"application\/ld+json\" class=\"yoast-schema-graph\">{\"@context\":\"https:\/\/schema.org\",\"@graph\":[{\"@type\":\"WebSite\",\"@id\":\"https:\/\/sonomedpaper.com\/#website\",\"url\":\"https:\/\/sonomedpaper.com\/\",\"name\":\"Sonomed Paper\",\"description\":\"Tele-paper\",\"potentialAction\":[{\"@type\":\"SearchAction\",\"target\":\"https:\/\/sonomedpaper.com\/?s={search_term_string}\",\"query-input\":\"required name=search_term_string\"}],\"inLanguage\":\"en-GB\"},{\"@type\":\"ImageObject\",\"@id\":\"https:\/\/sonomedpaper.com\/?product=gel-de-ultrasonido-sonomed&lang=es#primaryimage\",\"inLanguage\":\"en-GB\",\"url\":\"https:\/\/sonomedpaper.com\/wp-content\/uploads\/2017\/12\/ultra-4.jpg\",\"width\":768,\"height\":768},{\"@type\":\"WebPage\",\"@id\":\"https:\/\/sonomedpaper.com\/?product=gel-de-ultrasonido-sonomed&lang=es#webpage\",\"url\":\"https:\/\/sonomedpaper.com\/?product=gel-de-ultrasonido-sonomed&lang=es\",\"name\":\"Gel de Ultrasonido Sonomed - Sonomed Paper\",\"isPartOf\":{\"@id\":\"https:\/\/sonomedpaper.com\/#website\"},\"primaryImageOfPage\":{\"@id\":\"https:\/\/sonomedpaper.com\/?product=gel-de-ultrasonido-sonomed&lang=es#primaryimage\"},\"datePublished\":\"2017-12-07T13:19:49+00:00\",\"dateModified\":\"2018-10-25T06:35:50+00:00\",\"inLanguage\":\"en-GB\",\"potentialAction\":[{\"@type\":\"ReadAction\",\"target\":[\"https:\/\/sonomedpaper.com\/?product=gel-de-ultrasonido-sonomed&lang=es\"]}]}]}<\/script>\n<!-- \/ Yoast SEO plugin. -->","_links":{"self":[{"href":"https:\/\/sonomedpaper.com\/index.php?rest_route=\/wp\/v2\/product\/441"}],"collection":[{"href":"https:\/\/sonomedpaper.com\/index.php?rest_route=\/wp\/v2\/product"}],"about":[{"href":"https:\/\/sonomedpaper.com\/index.php?rest_route=\/wp\/v2\/types\/product"}],"replies":[{"embeddable":true,"href":"https:\/\/sonomedpaper.com\/index.php?rest_route=%2Fwp%2Fv2%2Fcomments&post=441"}],"wp:featuredmedia":[{"embeddable":true,"href":"https:\/\/sonomedpaper.com\/index.php?rest_route=\/wp\/v2\/media\/592"}],"wp:attachment":[{"href":"https:\/\/sonomedpaper.com\/index.php?rest_route=%2Fwp%2Fv2%2Fmedia&parent=441"}],"curies":[{"name":"wp","href":"https:\/\/api.w.org\/{rel}","templated":true}]}}